{"id":21,"date":"2025-05-19T12:14:19","date_gmt":"2025-05-19T04:14:19","guid":{"rendered":"https:\/\/www.weitiangroups.com\/?page_id=21"},"modified":"2025-09-01T16:09:31","modified_gmt":"2025-09-01T08:09:31","slug":"privacy-policy","status":"publish","type":"page","link":"https:\/\/www.weitiangroups.com\/es\/privacy-policy\/","title":{"rendered":"Pol\u00edtica de privacidad"},"content":{"rendered":"<h2 class=\"wp-block-heading\">\u00bf\u00bf qui\u00e9nes somos?<\/h2>\r\n\r\n\r\n\r\n<p><strong class=\"privacy-policy-tutorial\">Texto recomendado: <\/strong>\u6211\u4eec\u7684\u7ad9\u70b9\u5730\u5740\u662f\uff1ahttps:\/\/www.weitiangroups.com\u3002<\/p>\r\n\r\n\r\n\r\n<h2 class=\"wp-block-heading\">comentario<\/h2>\r\n\r\n\r\n\r\n<p><strong class=\"privacy-policy-tutorial\">Texto recomendado: <\/strong>Cuando el visitante deja un comentario, recopilamos los datos mostrados en el formulario de comentarios, as\u00ed como la direcci\u00f3n IP del visitante y la cadena de usuario - agente del navegador para ayudar a revisar los comentarios basura.<\/p>\r\n\r\n\r\n\r\n<p>\u7531\u60a8\u7684\u90ae\u7bb1\u5730\u5740\u6240\u751f\u6210\u7684\u533f\u540d\u5316\u5b57\u7b26\u4e32\uff08\u53c8\u79f0\u4e3a\u54c8\u5e0c\uff09\u53ef\u80fd\u4f1a\u88ab\u63d0\u4f9b\u7ed9 Gravatar \u670d\u52a1\u786e\u8ba4\u60a8\u662f\u5426\u6709\u4f7f\u7528\u8be5\u670d\u52a1\u3002 Gravatar \u670d\u52a1\u7684\u9690\u79c1\u653f\u7b56\u5728\u6b64\uff1ahttps:\/\/automattic.com\/privacy\/\u3002\u5728\u60a8\u7684\u8bc4\u8bba\u83b7\u6279\u51c6\u540e\uff0c\u60a8\u7684\u8d44\u6599\u56fe\u7247\u5c06\u5728\u60a8\u7684\u8bc4\u8bba\u65c1\u516c\u5f00\u5c55\u793a\u3002<\/p>\r\n\r\n\r\n\r\n<h2 class=\"wp-block-heading\">medios de comunicaci\u00f3n<\/h2>\r\n\r\n\r\n\r\n<p><strong class=\"privacy-policy-tutorial\">Texto recomendado: <\/strong>Si sube im\u00e1genes a este sitio web, debe evitar subir im\u00e1genes con informaci\u00f3n de ubicaci\u00f3n geogr\u00e1fica incrustada (exif gps). Los visitantes de este sitio web podr\u00e1n descargar y extraer informaci\u00f3n de ubicaci\u00f3n de las im\u00e1genes de este sitio Web.<\/p>\r\n\r\n\r\n\r\n<h2 class=\"wp-block-heading\">Las cookies<\/h2>\r\n\r\n\r\n\r\n<p><strong class=\"privacy-policy-tutorial\">Texto recomendado: <\/strong>Si deja un comentario en nuestro sitio, puede optar por guardar su nombre, direcci\u00f3n de correo electr\u00f3nico y direcci\u00f3n de sitio web con cookies. Esto le facilita al permitirle no tener que rellenar el contenido relevante al comentar. Estas cookies se mantendr\u00e1n durante un a\u00f1o.<\/p>\r\n\r\n\r\n\r\n<p>Si accede a nuestra p\u00e1gina de inicio de sesi\u00f3n, configuraremos una Cookie temporal para confirmar si su navegador acepta cookies. Esta Cookie no contiene datos personales y se descartar\u00e1 cuando cierre su navegador.<\/p>\r\n\r\n\r\n\r\n<p>Cuando inicie sesi\u00f3n, tambi\u00e9n configuraremos varias cookies para guardar su informaci\u00f3n de inicio de sesi\u00f3n y las opciones de visualizaci\u00f3n de la pantalla. Las cookies de inicio de sesi\u00f3n se mantienen durante dos d\u00edas, mientras que las cookies de opci\u00f3n de visualizaci\u00f3n en pantalla se mantienen durante un a\u00f1o. Si elige \"recu\u00e9rdame\", su estado de inicio de sesi\u00f3n se mantendr\u00e1 durante dos semanas. Si se cancela y se inicia sesi\u00f3n en su cuenta, se eliminar\u00e1n las cookies utilizadas para iniciar sesi\u00f3n.<\/p>\r\n\r\n\r\n\r\n<p>Si edita o publica un art\u00edculo, guardaremos una Cookie adicional en su navegador. Esta Cookie no contiene datos personales y solo registra el id del art\u00edculo que acaba de editar. esta cookie se quedar\u00e1 un d\u00eda.<\/p>\r\n\r\n\r\n\r\n<h2 class=\"wp-block-heading\">Contenido incrustado de otros sitios web<\/h2>\r\n\r\n\r\n\r\n<p><strong class=\"privacy-policy-tutorial\">Texto recomendado: <\/strong>Los art\u00edculos en este sitio pueden contener contenido incrustado (como videos, im\u00e1genes, art\u00edculos, etc.). El comportamiento del contenido incrustado de otros sitios no es diferente del acceso directo a estos otros sitios.<\/p>\r\n\r\n\r\n\r\n<p>Estos sitios pueden recopilar datos sobre usted, usar cookies, incrustar programas adicionales de rastreo de terceros y monitorear su interacci\u00f3n con estos contenidos incrustados, incluido el seguimiento de su interacci\u00f3n con los contenidos incrustados cuando tenga cuentas de estos sitios e inicie sesi\u00f3n en ellos.<\/p>\r\n\r\n\r\n\r\n<h2 class=\"wp-block-heading\">Con qui\u00e9n compartimos su informaci\u00f3n<\/h2>\r\n\r\n\r\n\r\n<p><strong class=\"privacy-policy-tutorial\">Texto recomendado: <\/strong>Si solicita el restablecimiento de la contrase\u00f1a, su direcci\u00f3n IP se incluir\u00e1 en el correo de restablecimiento de la contrase\u00f1a.<\/p>\r\n\r\n\r\n\r\n<h2 class=\"wp-block-heading\">Cu\u00e1nto tiempo conservamos su informaci\u00f3n<\/h2>\r\n\r\n\r\n\r\n<p><strong class=\"privacy-policy-tutorial\">Texto recomendado: <\/strong>Si deja un comentario, el comentario y sus metadatos se guardar\u00e1n indefinidamente. Lo hacemos para poder identificar y aprobar autom\u00e1ticamente cualquier comentario posterior sin tener que agregarlo a la cola pendiente de juicio.<\/p>\r\n\r\n\r\n\r\n<p>Para los usuarios registrados en este sitio web, tambi\u00e9n guardaremos la informaci\u00f3n personal proporcionada por el usuario en el perfil. Todos los usuarios pueden ver, editar o eliminar su informaci\u00f3n personal en cualquier momento (adem\u00e1s de no cambiar el nombre de usuario), y los administradores del sitio tambi\u00e9n pueden ver y editar esa informaci\u00f3n.<\/p>\r\n\r\n\r\n\r\n<h2 class=\"wp-block-heading\">\u00bf\u00bf qu\u00e9 derecho tiene a su informaci\u00f3n?<\/h2>\r\n\r\n\r\n\r\n<p><strong class=\"privacy-policy-tutorial\">Texto recomendado: <\/strong>Si tiene una cuenta en este sitio o ha dejado un comentario, puede solicitarnos el archivo de exportaci\u00f3n de sus datos personales que tenemos, que tambi\u00e9n incluye todos los datos que nos proporcion\u00f3. Tambi\u00e9n puede pedirnos que borremos todos los datos personales sobre usted. Esto no incluye los datos que debemos mantener debido a necesidades regulatorias, regulatorias o de Seguridad.<\/p>\r\n\r\n\r\n\r\n<h2 class=\"wp-block-heading\">A d\u00f3nde enviar\u00e1n sus datos<\/h2>\r\n\r\n\r\n\r\n<p><strong class=\"privacy-policy-tutorial\">Texto recomendado: <\/strong>Los comentarios de los visitantes pueden ser revisados por el servicio autom\u00e1tico de monitoreo de comentarios basura.<\/p>\r\n\r\n<p>&nbsp;<\/p>","protected":false},"excerpt":{"rendered":"<p>\u6211\u4eec\u662f\u8c01 \u63a8\u8350\u7684\u6587\u672c\uff1a \u6211\u4eec\u7684\u7ad9\u70b9\u5730\u5740\u662f\uff1ahttps:\/\/www.weitiangroups.com\u3002 \u8bc4\u8bba \u63a8\u8350\u7684\u6587\u672c\uff1a \u5f53\u8bbf\u5ba2\u7559\u4e0b\u8bc4\u8bba\u65f6\uff0c\u6211\u4eec\u4f1a\u6536\u96c6\u8bc4\u8bba\u8868\u5355\u6240\u663e\u793a\u7684\u6570\u636e\uff0c\u548c\u8bbf\u5ba2\u7684 IP \u5730\u5740\u53ca\u6d4f\u89c8\u5668\u7684 User-Agent \u5b57\u7b26\u4e32\u6765\u5e2e\u52a9\u68c0\u67e5\u5783\u573e\u8bc4\u8bba\u3002 \u7531\u60a8\u7684\u90ae\u7bb1\u5730\u5740\u6240\u751f\u6210\u7684\u533f\u540d\u5316\u5b57\u7b26\u4e32\uff08\u53c8\u79f0\u4e3a\u54c8\u5e0c\uff09\u53ef\u80fd\u4f1a\u88ab\u63d0\u4f9b\u7ed9 Gravatar \u670d\u52a1\u786e\u8ba4\u60a8\u662f\u5426\u6709\u4f7f\u7528\u8be5\u670d\u52a1\u3002 Gravatar \u670d\u52a1\u7684\u9690\u79c1\u653f\u7b56\u5728\u6b64\uff1ahttps:\/\/automattic.com\/privacy\/\u3002\u5728\u60a8\u7684\u8bc4\u8bba\u83b7\u6279\u51c6\u540e\uff0c\u60a8\u7684\u8d44\u6599\u56fe\u7247\u5c06\u5728\u60a8\u7684\u8bc4\u8bba\u65c1\u516c\u5f00\u5c55\u793a\u3002 \u5a92\u4f53 \u63a8\u8350\u7684\u6587\u672c\uff1a \u5982\u679c\u60a8\u5411\u6b64\u7f51\u7ad9\u4e0a\u4f20\u56fe\u7247\uff0c\u60a8\u5e94\u5f53\u907f\u514d\u4e0a\u4f20\u90a3\u4e9b\u6709\u5d4c\u5165\u5730\u7406\u4f4d\u7f6e\u4fe1\u606f\uff08EXIF GPS\uff09\u7684\u56fe\u7247\u3002\u6b64\u7f51\u7ad9\u7684\u8bbf\u5ba2\u5c06\u53ef\u4ee5\u4e0b\u8f7d\u5e76\u63d0\u53d6\u6b64\u7f51\u7ad9\u7684\u56fe\u7247\u4e2d\u7684\u4f4d\u7f6e\u4fe1\u606f\u3002 Cookies \u63a8\u8350\u7684\u6587\u672c\uff1a \u5982\u679c\u60a8\u5728\u6211\u4eec\u7684\u7ad9\u70b9\u4e0a\u7559\u4e0b\u8bc4\u8bba\uff0c\u60a8\u53ef\u4ee5\u9009\u62e9\u7528 Cookies \u4fdd\u5b58\u60a8\u7684\u540d\u5b57\u3001\u90ae\u7bb1\u5730\u5740\u548c\u7f51\u7ad9\u5730\u5740\u3002\u8fd9\u662f\u901a\u8fc7\u8ba9\u60a8\u53ef\u4ee5\u4e0d\u7528\u5728\u8bc4\u8bba\u65f6\u518d\u6b21\u586b\u5199\u76f8\u5173\u5185\u5bb9\u800c\u5411\u60a8\u63d0\u4f9b\u65b9\u4fbf\u3002\u8fd9\u4e9b Cookies \u4f1a\u4fdd\u7559\u4e00\u5e74\u3002 \u5982\u679c\u60a8\u8bbf\u95ee\u6211\u4eec\u7684\u767b\u5f55\u9875\uff0c\u6211\u4eec\u4f1a\u8bbe\u7f6e\u4e00\u4e2a\u4e34\u65f6\u7684 Cookie \u6765\u786e\u8ba4\u60a8\u7684\u6d4f\u89c8\u5668\u662f\u5426\u63a5\u53d7 Cookies\u3002\u6b64 Cookie \u4e0d\u5305\u542b\u4e2a\u4eba\u6570\u636e\uff0c\u4e14\u4f1a\u5728\u60a8\u5173\u95ed\u6d4f\u89c8\u5668\u65f6\u88ab\u4e22\u5f03\u3002 \u5f53\u60a8\u767b\u5f55\u65f6\uff0c\u6211\u4eec\u4e5f\u4f1a\u8bbe\u7f6e\u591a\u4e2a Cookies \u6765\u4fdd\u5b58\u60a8\u7684\u767b\u5f55\u4fe1\u606f\u53ca\u5c4f\u5e55\u663e\u793a\u9009\u9879\u3002\u767b\u5f55 Cookies \u4f1a\u4fdd\u7559\u4e24\u5929\uff0c\u800c\u5c4f\u5e55\u663e\u793a\u9009\u9879 Cookies \u4f1a\u4fdd\u7559\u4e00\u5e74\u3002\u5982\u679c\u60a8\u9009\u62e9\u4e86\u300c\u8bb0\u4f4f\u6211\u300d\uff0c\u60a8\u7684\u767b\u5f55\u72b6\u6001\u5219\u4f1a\u4fdd\u7559\u4e24\u5468\u3002\u5982\u679c\u60a8\u6ce8\u9500\u767b\u9646\u4e86\u60a8\u7684\u8d26\u6237\uff0c\u7528\u4e8e\u767b\u5f55\u7684 Cookies \u5c06\u4f1a\u88ab\u79fb\u9664\u3002 \u5982\u679c\u60a8\u7f16\u8f91\u6216\u53d1\u5e03\u6587\u7ae0\uff0c\u6211\u4eec\u4f1a\u5728\u60a8\u7684\u6d4f\u89c8\u5668\u4e2d\u4fdd\u5b58\u4e00\u4e2a\u989d\u5916\u7684 Cookie\u3002\u8fd9\u4e2a Cookie \u4e0d\u5305\u542b\u4e2a\u4eba\u6570\u636e\u800c\u53ea\u8bb0\u5f55\u4e86\u60a8\u521a\u624d\u7f16\u8f91\u7684\u6587\u7ae0\u7684 ID\u3002\u8fd9\u4e2a Cookie \u4f1a\u4fdd\u7559\u4e00\u5929\u3002 \u6765\u81ea\u5176\u4ed6\u7f51\u7ad9\u7684\u5d4c\u5165\u5185\u5bb9 \u63a8\u8350\u7684\u6587\u672c\uff1a \u6b64\u7ad9\u70b9\u4e0a\u7684\u6587\u7ae0\u53ef\u80fd\u4f1a\u5305\u542b\u5d4c\u5165\u7684\u5185\u5bb9\uff08\u5982\u89c6\u9891\u3001\u56fe\u7247\u3001\u6587\u7ae0\u7b49\uff09\u3002\u6765\u81ea\u5176\u4ed6\u7ad9\u70b9\u7684\u5d4c\u5165\u5185\u5bb9\u7684\u884c\u4e3a\u548c\u60a8\u76f4\u63a5\u8bbf\u95ee\u8fd9\u4e9b\u5176\u4ed6\u7ad9\u70b9\u6ca1\u6709\u533a\u522b\u3002 \u8fd9\u4e9b\u7ad9\u70b9\u53ef\u80fd\u4f1a\u6536\u96c6\u5173\u4e8e\u60a8\u7684\u6570\u636e\u3001\u4f7f\u7528 Cookies \u3001\u5d4c\u5165\u989d\u5916\u7684\u7b2c\u4e09\u65b9\u8ddf\u8e2a\u7a0b\u5e8f\u53ca\u76d1\u89c6\u60a8\u4e0e\u8fd9\u4e9b\u5d4c\u5165\u5185\u5bb9\u7684\u4ea4\u4e92\uff0c\u5305\u62ec\u5728\u60a8\u6709\u8fd9\u4e9b\u7ad9\u70b9\u7684\u8d26\u6237\u5e76\u767b\u5f55\u4e86\u8fd9\u4e9b\u7ad9\u70b9\u65f6\uff0c\u8ddf\u8e2a\u60a8\u4e0e\u5d4c\u5165\u5185\u5bb9\u7684\u4ea4\u4e92\u3002 \u6211\u4eec\u4e0e\u8c01\u5171\u4eab\u60a8\u7684\u4fe1\u606f [&hellip;]<\/p>\n","protected":false},"author":1,"featured_media":0,"parent":0,"menu_order":10,"comment_status":"closed","ping_status":"closed","template":"PrivPolicy.php","meta":{"footnotes":""},"class_list":["post-21","page","type-page","status-publish","hentry"],"_links":{"self":[{"href":"https:\/\/www.weitiangroups.com\/es\/wp-json\/wp\/v2\/pages\/21","targetHints":{"allow":["GET"]}}],"collection":[{"href":"https:\/\/www.weitiangroups.com\/es\/wp-json\/wp\/v2\/pages"}],"about":[{"href":"https:\/\/www.weitiangroups.com\/es\/wp-json\/wp\/v2\/types\/page"}],"author":[{"embeddable":true,"href":"https:\/\/www.weitiangroups.com\/es\/wp-json\/wp\/v2\/users\/1"}],"replies":[{"embeddable":true,"href":"https:\/\/www.weitiangroups.com\/es\/wp-json\/wp\/v2\/comments?post=21"}],"version-history":[{"count":5,"href":"https:\/\/www.weitiangroups.com\/es\/wp-json\/wp\/v2\/pages\/21\/revisions"}],"predecessor-version":[{"id":1275,"href":"https:\/\/www.weitiangroups.com\/es\/wp-json\/wp\/v2\/pages\/21\/revisions\/1275"}],"wp:attachment":[{"href":"https:\/\/www.weitiangroups.com\/es\/wp-json\/wp\/v2\/media?parent=21"}],"curies":[{"name":"WP","href":"https:\/\/api.w.org\/{rel}","templated":true}]}}